{"id":3,"date":"2020-04-05T00:41:45","date_gmt":"2020-04-05T00:41:45","guid":{"rendered":"https:\/\/licensing.my-net.eu\/?page_id=3"},"modified":"2020-04-05T01:40:48","modified_gmt":"2020-04-05T01:40:48","slug":"datenschutzerklaerung","status":"publish","type":"page","link":"https:\/\/licensing.my-net.eu\/index.php\/datenschutzerklaerung\/","title":{"rendered":"Datenschutzerkl\u00e4rung"},"content":{"rendered":"<p>[et_pb_section fb_built=&#8220;1&#8243; _builder_version=&#8220;3.22&#8243;][et_pb_row _builder_version=&#8220;3.25&#8243; background_size=&#8220;initial&#8220; background_position=&#8220;top_left&#8220; background_repeat=&#8220;repeat&#8220;][et_pb_column type=&#8220;4_4&#8243; _builder_version=&#8220;3.25&#8243; custom_padding=&#8220;|||&#8220; custom_padding__hover=&#8220;|||&#8220;][et_pb_text _builder_version=&#8220;3.27.4&#8243; background_size=&#8220;initial&#8220; background_position=&#8220;top_left&#8220; background_repeat=&#8220;repeat&#8220;]<\/p>\n<div id=\"left-area\">\n<article id=\"post-727\" class=\"post-727 page type-page status-publish hentry\">\n<div class=\"entry-content\">\n<div class=\"entry-content\">\n<h3>Grunds\u00e4tzliche\u00a0Datenschutzhinweise<\/h3>\n<p>Wir behandeln Ihre pers\u00f6nlichen Daten unter Einhaltung der gesetzlichen Datenschutzvorschriften und dieser Datenschutzerkl\u00e4rung.<\/p>\n<h3>Erhebung von Daten<\/h3>\n<p>Wir\u00a0erheben personenbezogene Daten, wenn Sie diese Angaben freiwillig im Rahmen einer Anfrage per E-Mail beziehungsweise in unserem Kontaktformular oder bei der Registrierung machen. Pers\u00f6nliche Daten werden von uns auch erhoben wenn ein berechtigtes Interesse besteht.<\/p>\n<p>Pers\u00f6nliche Daten sind Angaben, wie z. B. Name, Anschrift, Telefonnummer und E-Mail-Adresse, die Ihrer Person zugeordnet werden k\u00f6nnen.<\/p>\n<h3>Cookies<\/h3>\n<p>Cookies sind kleine Dateien die auf Ihrem Ger\u00e4t gespeichert werden.<br \/> Unsere Internetseite verwendet Cookies um die Nutzbarkeit zu erh\u00f6hen.<\/p>\n<h3>Registrierung<\/h3>\n<p>Wir verarbeiten erforderliche Registrierungsangaben (Pflichtangaben wie, z. B. Name, E-Mail-Adresse und Passwort) sowie die freiwillig mitgeteilten Daten f\u00fcr die Einrichtung und Ihre Nutzung der Funktionen unser Webseite. Ihre beim Registrierungsvorgang eingegebenen Daten speichern wir, bis Sie Ihren Zugang durch eine entsprechende Information an uns (Siehe ) wieder aufheben, soweit keine anderen Aufbewahrungsfristen entgegenstehen (z.B. Bei Bestellungen).<\/p>\n<h3>Bestellungen<\/h3>\n<p>Bei einer Bestellung oder sonstigen vertragsbezogenen Anfragen verarbeiten wir Ihre personenbezogenen Daten zun\u00e4chst f\u00fcr die Bearbeitung bzw. Abwicklung der Bestellung oder der sonstigen vertragsbezogenen Anfrage und ggfs. zur entsprechenden Rechnungsstellung.<\/p>\n<p>Wenn die Daten als Pflichtangaben gekennzeichnet sind, sind sie f\u00fcr die Bearbeitung bzw. Abwicklung des entsprechenden Vertrages bzw. zur Rechnungsstellung erforderlich.<\/p>\n<p>Ihre f\u00fcr die Bestellung relevanten Daten und die dazu geh\u00f6rigen Dokumente (z. B. Handelsbriefe, Rechnungen) speichern wir gem\u00e4\u00df den gesetzlichen Anforderungen nach Abschluss des Vertrages nach den gesetzlichen Vorschriften.<\/p>\n<h3>Kontaktformulare<\/h3>\n<p>Informationen die Sie in eines unserer Kontaktformulare eingeben<br \/> werden \u00a0zum Zweck der Bearbeitung Ihrer Anfrage\u00a0an uns\u00a0\u00fcbermittelt und<br \/> f\u00fcr die weitere Kommunikation bei uns gespeichert.<\/p>\n<h3>Recht auf Auskunft, Berichtigung, L\u00f6schung und Daten\u00fcbertragbarkeit<\/h3>\n<p>Sie k\u00f6nnen jederzeit Auskunft \u00fcber Ihre bei uns gespeicherten<br \/> personenbezogenen Daten, deren Herkunft und Empf\u00e4nger und den Zweck der<br \/> Datenverarbeitung bekommen sowie von Ihrem Recht auf Berichtigung,<br \/> Sperrung oder L\u00f6schung dieser Daten gebrauch machen. Des Weiteren haben Sie das Recht auf Daten\u00fcbertragbarkeit an Sie selbst oder an Dritte, soweit dies technisch durchf\u00fchrbar ist.<br \/> F\u00fcr Anfragen kontaktiern Sie uns unter der E-Mail <a href=\"mailto:datenschutz@larshinrichs.de\">datenschutz@larshinrichs.de<\/a> oder kontaktieren Sie uns mit den Informationen aus dem <a href=\"https:\/\/my-net.eu\/impressum\/\">Impressum<\/a>.<\/p>\n<\/div>\n<\/div>\n<\/article>\n<\/div>\n<p>[\/et_pb_text][\/et_pb_column][\/et_pb_row][\/et_pb_section]<\/p>\n","protected":false},"excerpt":{"rendered":"<p>Grunds\u00e4tzliche\u00a0Datenschutzhinweise Wir behandeln Ihre pers\u00f6nlichen Daten unter Einhaltung der gesetzlichen Datenschutzvorschriften und dieser Datenschutzerkl\u00e4rung. Erhebung von Daten Wir\u00a0erheben personenbezogene Daten, wenn Sie diese Angaben freiwillig im Rahmen einer Anfrage per E-Mail beziehungsweise in unserem Kontaktformular oder bei der Registrierung machen. Pers\u00f6nliche Daten werden von uns auch erhoben wenn ein berechtigtes Interesse besteht. Pers\u00f6nliche Daten sind [&hellip;]<\/p>\n","protected":false},"author":1,"featured_media":0,"parent":0,"menu_order":0,"comment_status":"closed","ping_status":"open","template":"","meta":{"_et_pb_use_builder":"on","_et_pb_old_content":"<!-- wp:paragraph -->\n<p>If you visit our login page, we will set a temporary cookie to determine if your browser accepts cookies. This cookie contains no personal data and is discarded when you close your browser.<\/p>\n<!-- \/wp:paragraph -->\n\n<!-- wp:paragraph -->\n<p>When you log in, we will also set up several cookies to save your login information and your screen display choices. Login cookies last for two days, and screen options cookies last for a year. If you select \"Remember Me\", your login will persist for two weeks. If you log out of your account, the login cookies will be removed.<\/p>\n<!-- \/wp:paragraph -->\n\n<!-- wp:paragraph -->\n<p>If you edit or publish an article, an additional cookie will be saved in your browser. This cookie includes no personal data and simply indicates the post ID of the article you just edited. It expires after 1 day.<\/p>\n<!-- \/wp:paragraph -->\n\n<!-- wp:heading {\"level\":3} -->\n<h3>Embedded content from other websites<\/h3>\n<!-- \/wp:heading -->\n\n<!-- wp:paragraph -->\n<p>Articles on this site may include embedded content (e.g. videos, images, articles, etc.). Embedded content from other websites behaves in the exact same way as if the visitor has visited the other website.<\/p>\n<!-- \/wp:paragraph -->\n\n<!-- wp:paragraph -->\n<p>These websites may collect data about you, use cookies, embed additional third-party tracking, and monitor your interaction with that embedded content, including tracking your interaction with the embedded content if you have an account and are logged in to that website.<\/p>\n<!-- \/wp:paragraph -->\n\n<!-- wp:heading {\"level\":3} -->\n<h3>Analytics<\/h3>\n<!-- \/wp:heading -->\n\n<!-- wp:heading -->\n<h2>Who we share your data with<\/h2>\n<!-- \/wp:heading -->\n\n<!-- wp:heading -->\n<h2>How long we retain your data<\/h2>\n<!-- \/wp:heading -->\n\n<!-- wp:paragraph -->\n<p>If you leave a comment, the comment and its metadata are retained indefinitely. This is so we can recognize and approve any follow-up comments automatically instead of holding them in a moderation queue.<\/p>\n<!-- \/wp:paragraph -->\n\n<!-- wp:paragraph -->\n<p>For users that register on our website (if any), we also store the personal information they provide in their user profile. All users can see, edit, or delete their personal information at any time (except they cannot change their username). Website administrators can also see and edit that information.<\/p>\n<!-- \/wp:paragraph -->\n\n<!-- wp:heading -->\n<h2>What rights you have over your data<\/h2>\n<!-- \/wp:heading -->\n\n<!-- wp:paragraph -->\n<p>If you have an account on this site, or have left comments, you can request to receive an exported file of the personal data we hold about you, including any data you have provided to us. You can also request that we erase any personal data we hold about you. This does not include any data we are obliged to keep for administrative, legal, or security purposes.<\/p>\n<!-- \/wp:paragraph -->\n\n<!-- wp:heading -->\n<h2>Where we send your data<\/h2>\n<!-- \/wp:heading -->\n\n<!-- wp:paragraph -->\n<p>Visitor comments may be checked through an automated spam detection service.<\/p>\n<!-- \/wp:paragraph -->\n\n<!-- wp:heading -->\n<h2>Your contact information<\/h2>\n<!-- \/wp:heading -->\n\n<!-- wp:heading -->\n<h2>Additional information<\/h2>\n<!-- \/wp:heading -->\n\n<!-- wp:heading {\"level\":3} -->\n<h3>How we protect your data<\/h3>\n<!-- \/wp:heading -->\n\n<!-- wp:heading {\"level\":3} -->\n<h3>What data breach procedures we have in place<\/h3>\n<!-- \/wp:heading -->\n\n<!-- wp:heading {\"level\":3} -->\n<h3>What third parties we receive data from<\/h3>\n<!-- \/wp:heading -->\n\n<!-- wp:heading {\"level\":3} -->\n<h3>What automated decision making and\/or profiling we do with user data<\/h3>\n<!-- \/wp:heading -->\n\n<!-- wp:heading {\"level\":3} -->\n<h3>Industry regulatory disclosure requirements<\/h3>\n<!-- \/wp:heading -->","_et_gb_content_width":"","footnotes":""},"class_list":["post-3","page","type-page","status-publish","hentry"],"_links":{"self":[{"href":"https:\/\/licensing.my-net.eu\/index.php\/wp-json\/wp\/v2\/pages\/3","targetHints":{"allow":["GET"]}}],"collection":[{"href":"https:\/\/licensing.my-net.eu\/index.php\/wp-json\/wp\/v2\/pages"}],"about":[{"href":"https:\/\/licensing.my-net.eu\/index.php\/wp-json\/wp\/v2\/types\/page"}],"author":[{"embeddable":true,"href":"https:\/\/licensing.my-net.eu\/index.php\/wp-json\/wp\/v2\/users\/1"}],"replies":[{"embeddable":true,"href":"https:\/\/licensing.my-net.eu\/index.php\/wp-json\/wp\/v2\/comments?post=3"}],"version-history":[{"count":3,"href":"https:\/\/licensing.my-net.eu\/index.php\/wp-json\/wp\/v2\/pages\/3\/revisions"}],"predecessor-version":[{"id":19,"href":"https:\/\/licensing.my-net.eu\/index.php\/wp-json\/wp\/v2\/pages\/3\/revisions\/19"}],"wp:attachment":[{"href":"https:\/\/licensing.my-net.eu\/index.php\/wp-json\/wp\/v2\/media?parent=3"}],"curies":[{"name":"wp","href":"https:\/\/api.w.org\/{rel}","templated":true}]}}